{"id":3825,"date":"2014-04-06T16:50:07","date_gmt":"2014-04-06T15:50:07","guid":{"rendered":"http:\/\/www.christianecuisine.com\/?page_id=3825"},"modified":"2014-04-20T13:12:47","modified_gmt":"2014-04-20T11:12:47","slug":"bienvenue","status":"publish","type":"page","link":"https:\/\/www.christianecuisine.com\/?page_id=3825","title":{"rendered":"Bienvenue !"},"content":{"rendered":"<p>Vous trouverez sur mon blog des recettes simples et\/ou raffin\u00e9es, des astuces, des id\u00e9es et surtout de la bonne humeur !<\/p>\n<p>Je vous souhaite une bonne lecture et n&rsquo;h\u00e9sitez pas \u00e0 me contacter si vous avez des questions et suggestions, ou laissez un petit commentaire.<\/p>\n<p>Bonne journ\u00e9e et surtout passez un bon moment \u00e0 cuisiner \ud83d\ude09<\/p>\n<p>Christiane.<\/p>\n<p><a href=\"https:\/\/www.christianecuisine.com\/wp-content\/uploads\/2014\/04\/base.png\"><img loading=\"lazy\" decoding=\"async\" class=\"aligncenter size-full wp-image-3827\" alt=\"base\" src=\"https:\/\/www.christianecuisine.com\/wp-content\/uploads\/2014\/04\/base.png\" width=\"764\" height=\"265\" srcset=\"https:\/\/www.christianecuisine.com\/wp-content\/uploads\/2014\/04\/base.png 764w, https:\/\/www.christianecuisine.com\/wp-content\/uploads\/2014\/04\/base-300x104.png 300w\" sizes=\"(max-width: 764px) 100vw, 764px\" \/><\/a><\/p>\n","protected":false},"excerpt":{"rendered":"<p>Vous trouverez sur mon blog des recettes simples et\/ou raffin\u00e9es, des astuces, des id\u00e9es et surtout de la bonne humeur ! Je vous souhaite une bonne lecture et n&rsquo;h\u00e9sitez pas \u00e0 me contacter si vous avez des questions et suggestions, ou laissez un petit commentaire. Bonne journ\u00e9e et surtout passez un bon moment \u00e0 cuisiner \ud83d\ude09 Christiane.<\/p>\n","protected":false},"author":1,"featured_media":0,"parent":0,"menu_order":0,"comment_status":"open","ping_status":"open","template":"","meta":{"footnotes":""},"class_list":["post-3825","page","type-page","status-publish","hentry"],"_links":{"self":[{"href":"https:\/\/www.christianecuisine.com\/index.php?rest_route=\/wp\/v2\/pages\/3825"}],"collection":[{"href":"https:\/\/www.christianecuisine.com\/index.php?rest_route=\/wp\/v2\/pages"}],"about":[{"href":"https:\/\/www.christianecuisine.com\/index.php?rest_route=\/wp\/v2\/types\/page"}],"author":[{"embeddable":true,"href":"https:\/\/www.christianecuisine.com\/index.php?rest_route=\/wp\/v2\/users\/1"}],"replies":[{"embeddable":true,"href":"https:\/\/www.christianecuisine.com\/index.php?rest_route=%2Fwp%2Fv2%2Fcomments&post=3825"}],"version-history":[{"count":3,"href":"https:\/\/www.christianecuisine.com\/index.php?rest_route=\/wp\/v2\/pages\/3825\/revisions"}],"predecessor-version":[{"id":3864,"href":"https:\/\/www.christianecuisine.com\/index.php?rest_route=\/wp\/v2\/pages\/3825\/revisions\/3864"}],"wp:attachment":[{"href":"https:\/\/www.christianecuisine.com\/index.php?rest_route=%2Fwp%2Fv2%2Fmedia&parent=3825"}],"curies":[{"name":"wp","href":"https:\/\/api.w.org\/{rel}","templated":true}]}}